{"id":4048,"date":"2021-02-09T18:41:05","date_gmt":"2021-02-09T18:41:05","guid":{"rendered":"https:\/\/onlinevet.p-k.dev\/homepage\/"},"modified":"2023-04-29T15:55:56","modified_gmt":"2023-04-29T15:55:56","slug":"homepage","status":"publish","type":"page","link":"https:\/\/onlinevet-project.eu\/de\/","title":{"rendered":"Startseite"},"content":{"rendered":"\n\n<div class=\"section\">\n\t<div class=\"hero-image\">\n\t\t<picture class=\"hero-image__background\">\n\t\t\t<source media=\"(min-width:1024px)\" srcset=\"https:\/\/onlinevet-project.eu\/wp-content\/uploads\/2023\/04\/Screenshot-2023-04-17-at-08.34.59-1920x0-c-default.png\" type=\"image\/jpeg\">\n\t\t\t<source media=\"(min-width:1024px)\" srcset=\"https:\/\/onlinevet-project.eu\/wp-content\/uploads\/2023\/04\/Screenshot-2023-04-17-at-08.34.59-1920x0-c-default.png\" type=\"image\/webp\">\n\t\t\t<source media=\"(min-width:1024px)\" srcset=\"https:\/\/onlinevet-project.eu\/wp-content\/uploads\/2023\/04\/Screenshot-2023-04-17-at-08.34.59-800x0-c-default.png\" type=\"image\/jpeg\">\n\t\t\t<source media=\"(min-width:1024px)\" srcset=\"https:\/\/onlinevet-project.eu\/wp-content\/uploads\/2023\/04\/Screenshot-2023-04-17-at-08.34.59-800x0-c-default.png\" type=\"image\/webp\">\n\t\t\t<img decoding=\"async\" class=\"hero-image__background-image\" src=\"https:\/\/onlinevet-project.eu\/wp-content\/uploads\/2023\/04\/Screenshot-2023-04-17-at-08.34.59-1920x0-c-default.png\">\n\t\t<\/picture>\n\t<\/div>\n<\/div>\n\n\n<div class=\"text text--simple\">\n    <div class=\"text__wrapper\">\n        <div class=\"text__content\">\n            \n\n\n        <\/div>\n    <\/div>\n<\/div>\n\n<div class=\"test-banner\">\n\t<div class=\"test-banner__wrapper\">\n        <h1 class=\"test-banner__title\">OnlineVET<\/h1>\n        <h2 class=\"test-banner__subtitle\">\u00dcber das Projekt<\/h2>\n\t\t<div class=\"test-banner__content\">\n\t\t\t<p style=\"text-align: center;\">Das Projekt OnlineVET tr\u00e4gt zur Steigerung der Qualit\u00e4t der digitalen Bildung bei, indem es eine Methodik f\u00fcr Lehrer entwickelt, wie sie online unterrichten k\u00f6nnen. Das Projekt konzentriert sich auf die Erstellung von drei digitalen Kursen in den Bereichen CNC-Technologien &#8211; Fr\u00e4sen und Drehen &#8211; und Bedienung von Automatisierungslinien. Der innovative Charakter dieser Kurse beruht auf der potenziellen \u00dcbertragbarkeit des Know-hows auf alle EU-L\u00e4nder. Eine zus\u00e4tzliche Erweiterung dieser praktischen Online-Kurse ist die Methodik, das Handbuch und das Schulungsprogramm, das den Lehrern helfen soll, diese Kurse in der Praxis anzuwenden.<\/p>\n\n\t\t<\/div>\n\t<\/div>\n    <div class=\"test-banner__wrapper test-banner__wrapper--narrow\">\n                    <div class=\"course-banner\">\n\t<div class=\"course-banner-visual\">\n\t\t<img decoding=\"async\" src=\"https:\/\/onlinevet-project.eu\/wp-content\/uploads\/2022\/01\/Na\u0301vrh-bez-na\u0301zvu-65-400x0-c-default.png\" class=\"course-banner-image\">\n\t<\/div>\n\t<div class=\"course-banner-content\">\n\t\t<p class=\"course-banner-title\">Grundlagen der Automatisierung im Maschinenbau<\/p>\n\t\t<p class=\"course-banner-subtitle\">Testen Sie sich selbst!<\/p>\n\n\t\t<div class=\"course-banner-actions\">\n\t\t\t<a href=\"\/de\/course\/power-saving-check-kurs\" class=\"course-banner-btn course-banner-btn--active\">Test<\/a>\n\t\t<\/div>\n\t<\/div>\n<\/div>\n                    <div class=\"course-banner\">\n\t<div class=\"course-banner-visual\">\n\t\t<img decoding=\"async\" src=\"https:\/\/onlinevet-project.eu\/wp-content\/uploads\/2021\/11\/shutterstock_1113785948-scaled-400x0-c-default.jpg\" class=\"course-banner-image\">\n\t<\/div>\n\t<div class=\"course-banner-content\">\n\t\t<p class=\"course-banner-title\">CNC-Fr\u00e4sen ( Heidenhain 640, EMCO CONCEPT MILL 260)<\/p>\n\t\t<p class=\"course-banner-subtitle\">Testen Sie sich selbst!<\/p>\n\n\t\t<div class=\"course-banner-actions\">\n\t\t\t<a href=\"\/de\/course\/xxx\" class=\"course-banner-btn course-banner-btn--active\">Test<\/a>\n\t\t<\/div>\n\t<\/div>\n<\/div>\n                    <div class=\"course-banner\">\n\t<div class=\"course-banner-visual\">\n\t\t<img decoding=\"async\" src=\"https:\/\/onlinevet-project.eu\/wp-content\/uploads\/2021\/11\/shutterstock_733105519-1-scaled-400x0-c-default.jpg\" class=\"course-banner-image\">\n\t<\/div>\n\t<div class=\"course-banner-content\">\n\t\t<p class=\"course-banner-title\">Drehen<\/p>\n\t\t<p class=\"course-banner-subtitle\">Testen Sie sich selbst!<\/p>\n\n\t\t<div class=\"course-banner-actions\">\n\t\t\t<a href=\"\/de\/course\/sustruzenie-zaklady-nemecky\" class=\"course-banner-btn course-banner-btn--active\">Test<\/a>\n\t\t<\/div>\n\t<\/div>\n<\/div>\n            <\/div>\n<\/div>\n\n\n<div class=\"text text--simple\">\n    <div class=\"text__wrapper\">\n        <div class=\"text__content\">\n            \n\n\n        <\/div>\n    <\/div>\n<\/div>\n\n\n<section class=\"certificate-banner\">\n\t<div class=\"certificate-banner__wrapper\">\n\t\t<h2 class=\"certificate-banner__title\"><strong>Zertifikat<\/strong> OnlineVET<\/h2>\n\t\t<div class=\"certificate-banner__visual\">\n\t\t\t<img decoding=\"async\" src=\"https:\/\/onlinevet-project.eu\/wp-content\/uploads\/2023\/04\/2023-03-20_NewPort_group-Online-VET_certifikat_EN-scaled-900x0-c-default.jpg\" class=\"certificate-banner__image\">\n\t\t<\/div>\n\t<\/div>\n<\/section>\n\n\n<div class=\"text text--simple\">\n    <div class=\"text__wrapper\">\n        <div class=\"text__content\">\n            \n\n\n        <\/div>\n    <\/div>\n<\/div>\n\n\n<section class=\"images-block\">\n\t<div class=\"images-block__wrapper\">\n\t\t<h2 class=\"images-block__title\">OnlineVET<\/h2>\n\t\t<div class=\"images-block__gallery\">\n\t\t\t\t\t\t\t<div class=\"images-block__gallery-item\">\n\t\t\t\t\t<img decoding=\"async\" src=\"https:\/\/onlinevet-project.eu\/wp-content\/uploads\/2022\/01\/Na\u0301vrh-bez-na\u0301zvu-65-400x230-c-default.png\" class=\"images-block__gallery-image\">\n\t\t\t\t<\/div>\n\t\t\t\t\t\t\t<div class=\"images-block__gallery-item\">\n\t\t\t\t\t<img decoding=\"async\" src=\"https:\/\/onlinevet-project.eu\/wp-content\/uploads\/2021\/11\/shutterstock_1772384783-scaled-400x230-c-default.jpg\" class=\"images-block__gallery-image\">\n\t\t\t\t<\/div>\n\t\t\t\t\t\t\t<div class=\"images-block__gallery-item\">\n\t\t\t\t\t<img decoding=\"async\" src=\"https:\/\/onlinevet-project.eu\/wp-content\/uploads\/2021\/11\/shutterstock_1113785948-scaled-400x230-c-default.jpg\" class=\"images-block__gallery-image\">\n\t\t\t\t<\/div>\n\t\t\t\t\t<\/div>\n\t<\/div>\n<\/section>\n\n\n<div class=\"text text--simple\">\n    <div class=\"text__wrapper\">\n        <div class=\"text__content\">\n            \n\n\n        <\/div>\n    <\/div>\n<\/div>\n\n<section class=\"partners-logos\">\n    <div class=\"partners-logos__wrapper\">\n        <ul class=\"partners-logos__list\">\n                        <li class=\"partners-logos__list-item\">\n                <a href=\"https:\/\/newportgroup.sk\/\" class=\"partner-logo\">\n                    <img decoding=\"async\" src=\"https:\/\/onlinevet-project.eu\/wp-content\/uploads\/2021\/11\/Logo-NG-modre-240x0-c-default.png\" class=\"partner-logo__img\">\n                <\/a>\n            <\/li>\n                        <li class=\"partners-logos__list-item\">\n                <a href=\"https:\/\/iek-akmi.edu.gr\/\" class=\"partner-logo\">\n                    <img decoding=\"async\" src=\"https:\/\/onlinevet-project.eu\/wp-content\/uploads\/2021\/11\/AKMI-logo-240x0-c-default.jpg\" class=\"partner-logo__img\">\n                <\/a>\n            <\/li>\n                        <li class=\"partners-logos__list-item\">\n                <a href=\"https:\/\/evbb.eu\/\" class=\"partner-logo\">\n                    <img decoding=\"async\" src=\"https:\/\/onlinevet-project.eu\/wp-content\/uploads\/2021\/11\/EVBB-logo-240x0-c-default.png\" class=\"partner-logo__img\">\n                <\/a>\n            <\/li>\n                        <li class=\"partners-logos__list-item\">\n                <a href=\"https:\/\/www.dsakademien.sk\/\" class=\"partner-logo\">\n                    <img decoding=\"async\" src=\"https:\/\/onlinevet-project.eu\/wp-content\/uploads\/2021\/11\/DSA-Logo-240x0-c-default.jpg\" class=\"partner-logo__img\">\n                <\/a>\n            <\/li>\n                    <\/ul>\n    <\/div>\n<\/section>\n","protected":false},"excerpt":{"rendered":"","protected":false},"author":1,"featured_media":0,"parent":0,"menu_order":0,"comment_status":"closed","ping_status":"closed","template":"","meta":[],"acf":[],"yoast_head":"<!-- This site is optimized with the Yoast SEO plugin v20.6 - https:\/\/yoast.com\/wordpress\/plugins\/seo\/ -->\n<title>Startseite - OnlineVet<\/title>\n<meta name=\"description\" content=\"Der Online-Kurs \u201cPower Saving Check\u201d ist Bestandteil der Ausbildung, die wir im Rahmen des Projektes \u201ePower Saving Check \u2013 Coming of Age.\" \/>\n<meta name=\"robots\" content=\"index, follow, max-snippet:-1, max-image-preview:large, max-video-preview:-1\" \/>\n<link rel=\"canonical\" href=\"https:\/\/www.onlinevet-project.eu\/de\/\" \/>\n<meta property=\"og:locale\" content=\"de_DE\" \/>\n<meta property=\"og:type\" content=\"article\" \/>\n<meta property=\"og:title\" content=\"Startseite - OnlineVet\" \/>\n<meta property=\"og:description\" content=\"Der Online-Kurs \u201cPower Saving Check\u201d ist Bestandteil der Ausbildung, die wir im Rahmen des Projektes \u201ePower Saving Check \u2013 Coming of Age.\" \/>\n<meta property=\"og:url\" content=\"https:\/\/www.onlinevet-project.eu\/de\/\" \/>\n<meta property=\"og:site_name\" content=\"OnlineVet\" \/>\n<meta property=\"article:modified_time\" content=\"2023-04-29T15:55:56+00:00\" \/>\n<meta name=\"twitter:card\" content=\"summary_large_image\" \/>\n<script type=\"application\/ld+json\" class=\"yoast-schema-graph\">{\"@context\":\"https:\/\/schema.org\",\"@graph\":[{\"@type\":\"WebPage\",\"@id\":\"https:\/\/www.onlinevet-project.eu\/de\/\",\"url\":\"https:\/\/www.onlinevet-project.eu\/de\/\",\"name\":\"Startseite - OnlineVet\",\"isPartOf\":{\"@id\":\"https:\/\/onlinevet-project.eu\/#website\"},\"datePublished\":\"2021-02-09T18:41:05+00:00\",\"dateModified\":\"2023-04-29T15:55:56+00:00\",\"description\":\"Der Online-Kurs \u201cPower Saving Check\u201d ist Bestandteil der Ausbildung, die wir im Rahmen des Projektes \u201ePower Saving Check \u2013 Coming of Age.\",\"breadcrumb\":{\"@id\":\"https:\/\/www.onlinevet-project.eu\/de\/#breadcrumb\"},\"inLanguage\":\"de-DE\",\"potentialAction\":[{\"@type\":\"ReadAction\",\"target\":[\"https:\/\/www.onlinevet-project.eu\/de\/\"]}]},{\"@type\":\"BreadcrumbList\",\"@id\":\"https:\/\/www.onlinevet-project.eu\/de\/#breadcrumb\",\"itemListElement\":[{\"@type\":\"ListItem\",\"position\":1,\"name\":\"Home\",\"item\":\"https:\/\/www.onlinevet-project.eu\/de\/\"},{\"@type\":\"ListItem\",\"position\":2,\"name\":\"Startseite\"}]},{\"@type\":\"WebSite\",\"@id\":\"https:\/\/onlinevet-project.eu\/#website\",\"url\":\"https:\/\/onlinevet-project.eu\/\",\"name\":\"OnlineVet\",\"description\":\"Power Saving Check - Coming of age\",\"publisher\":{\"@id\":\"https:\/\/onlinevet-project.eu\/#organization\"},\"potentialAction\":[{\"@type\":\"SearchAction\",\"target\":{\"@type\":\"EntryPoint\",\"urlTemplate\":\"https:\/\/onlinevet-project.eu\/?s={search_term_string}\"},\"query-input\":\"required name=search_term_string\"}],\"inLanguage\":\"de-DE\"},{\"@type\":\"Organization\",\"@id\":\"https:\/\/onlinevet-project.eu\/#organization\",\"name\":\"OnlineVet\",\"url\":\"https:\/\/onlinevet-project.eu\/\",\"logo\":{\"@type\":\"ImageObject\",\"inLanguage\":\"de-DE\",\"@id\":\"https:\/\/onlinevet-project.eu\/#\/schema\/logo\/image\/\",\"url\":\"https:\/\/onlinevet-project.eu\/wp-content\/uploads\/2021\/03\/Screen-Shot-2021-03-30-at-15.16.01.png\",\"contentUrl\":\"https:\/\/onlinevet-project.eu\/wp-content\/uploads\/2021\/03\/Screen-Shot-2021-03-30-at-15.16.01.png\",\"width\":336,\"height\":166,\"caption\":\"OnlineVet\"},\"image\":{\"@id\":\"https:\/\/onlinevet-project.eu\/#\/schema\/logo\/image\/\"}}]}<\/script>\n<!-- \/ Yoast SEO plugin. -->","yoast_head_json":{"title":"Startseite - OnlineVet","description":"Der Online-Kurs \u201cPower Saving Check\u201d ist Bestandteil der Ausbildung, die wir im Rahmen des Projektes \u201ePower Saving Check \u2013 Coming of Age.","robots":{"index":"index","follow":"follow","max-snippet":"max-snippet:-1","max-image-preview":"max-image-preview:large","max-video-preview":"max-video-preview:-1"},"canonical":"https:\/\/www.onlinevet-project.eu\/de\/","og_locale":"de_DE","og_type":"article","og_title":"Startseite - OnlineVet","og_description":"Der Online-Kurs \u201cPower Saving Check\u201d ist Bestandteil der Ausbildung, die wir im Rahmen des Projektes \u201ePower Saving Check \u2013 Coming of Age.","og_url":"https:\/\/www.onlinevet-project.eu\/de\/","og_site_name":"OnlineVet","article_modified_time":"2023-04-29T15:55:56+00:00","twitter_card":"summary_large_image","schema":{"@context":"https:\/\/schema.org","@graph":[{"@type":"WebPage","@id":"https:\/\/www.onlinevet-project.eu\/de\/","url":"https:\/\/www.onlinevet-project.eu\/de\/","name":"Startseite - OnlineVet","isPartOf":{"@id":"https:\/\/onlinevet-project.eu\/#website"},"datePublished":"2021-02-09T18:41:05+00:00","dateModified":"2023-04-29T15:55:56+00:00","description":"Der Online-Kurs \u201cPower Saving Check\u201d ist Bestandteil der Ausbildung, die wir im Rahmen des Projektes \u201ePower Saving Check \u2013 Coming of Age.","breadcrumb":{"@id":"https:\/\/www.onlinevet-project.eu\/de\/#breadcrumb"},"inLanguage":"de-DE","potentialAction":[{"@type":"ReadAction","target":["https:\/\/www.onlinevet-project.eu\/de\/"]}]},{"@type":"BreadcrumbList","@id":"https:\/\/www.onlinevet-project.eu\/de\/#breadcrumb","itemListElement":[{"@type":"ListItem","position":1,"name":"Home","item":"https:\/\/www.onlinevet-project.eu\/de\/"},{"@type":"ListItem","position":2,"name":"Startseite"}]},{"@type":"WebSite","@id":"https:\/\/onlinevet-project.eu\/#website","url":"https:\/\/onlinevet-project.eu\/","name":"OnlineVet","description":"Power Saving Check - Coming of age","publisher":{"@id":"https:\/\/onlinevet-project.eu\/#organization"},"potentialAction":[{"@type":"SearchAction","target":{"@type":"EntryPoint","urlTemplate":"https:\/\/onlinevet-project.eu\/?s={search_term_string}"},"query-input":"required name=search_term_string"}],"inLanguage":"de-DE"},{"@type":"Organization","@id":"https:\/\/onlinevet-project.eu\/#organization","name":"OnlineVet","url":"https:\/\/onlinevet-project.eu\/","logo":{"@type":"ImageObject","inLanguage":"de-DE","@id":"https:\/\/onlinevet-project.eu\/#\/schema\/logo\/image\/","url":"https:\/\/onlinevet-project.eu\/wp-content\/uploads\/2021\/03\/Screen-Shot-2021-03-30-at-15.16.01.png","contentUrl":"https:\/\/onlinevet-project.eu\/wp-content\/uploads\/2021\/03\/Screen-Shot-2021-03-30-at-15.16.01.png","width":336,"height":166,"caption":"OnlineVet"},"image":{"@id":"https:\/\/onlinevet-project.eu\/#\/schema\/logo\/image\/"}}]}},"_links":{"self":[{"href":"https:\/\/onlinevet-project.eu\/de\/wp-json\/wp\/v2\/pages\/4048"}],"collection":[{"href":"https:\/\/onlinevet-project.eu\/de\/wp-json\/wp\/v2\/pages"}],"about":[{"href":"https:\/\/onlinevet-project.eu\/de\/wp-json\/wp\/v2\/types\/page"}],"author":[{"embeddable":true,"href":"https:\/\/onlinevet-project.eu\/de\/wp-json\/wp\/v2\/users\/1"}],"replies":[{"embeddable":true,"href":"https:\/\/onlinevet-project.eu\/de\/wp-json\/wp\/v2\/comments?post=4048"}],"version-history":[{"count":26,"href":"https:\/\/onlinevet-project.eu\/de\/wp-json\/wp\/v2\/pages\/4048\/revisions"}],"predecessor-version":[{"id":7240,"href":"https:\/\/onlinevet-project.eu\/de\/wp-json\/wp\/v2\/pages\/4048\/revisions\/7240"}],"wp:attachment":[{"href":"https:\/\/onlinevet-project.eu\/de\/wp-json\/wp\/v2\/media?parent=4048"}],"curies":[{"name":"wp","href":"https:\/\/api.w.org\/{rel}","templated":true}]}}